{"id":22,"date":"2020-03-22T16:35:19","date_gmt":"2020-03-22T16:35:19","guid":{"rendered":"http:\/\/eva-fenrich.eu\/?page_id=22"},"modified":"2020-03-22T16:50:43","modified_gmt":"2020-03-22T16:50:43","slug":"willkommen","status":"publish","type":"page","link":"http:\/\/eva-fenrich.eu\/?page_id=22&lang=de","title":{"rendered":"Willkommen"},"content":{"rendered":"\n<p>Sch\u00f6n, dass Sie den Weg hierher gefunden haben.<\/p>\n\n\n\n<p>Damit etwas in Bewegung kommt, braucht es Raum.<\/p>\n\n\n\n<p>Ich m\u00f6chte Sie einladen,&nbsp; M\u00f6glichkeiten jenseits festgefahrener  Muster zu entdecken, Potentiale auszusch\u00f6pfen und zu erweitern.<\/p>\n","protected":false},"excerpt":{"rendered":"<p>Sch\u00f6n, dass Sie den Weg hierher gefunden haben. Damit etwas in Bewegung kommt, braucht es Raum. Ich m\u00f6chte Sie einladen,&nbsp; M\u00f6glichkeiten jenseits festgefahrener Muster zu entdecken, Potentiale auszusch\u00f6pfen und zu erweitern.<\/p>\n","protected":false},"author":1,"featured_media":0,"parent":0,"menu_order":0,"comment_status":"closed","ping_status":"closed","template":"","meta":{"advgb_blocks_editor_width":"","advgb_blocks_columns_visual_guide":"","footnotes":""},"_links":{"self":[{"href":"http:\/\/eva-fenrich.eu\/index.php?rest_route=\/wp\/v2\/pages\/22"}],"collection":[{"href":"http:\/\/eva-fenrich.eu\/index.php?rest_route=\/wp\/v2\/pages"}],"about":[{"href":"http:\/\/eva-fenrich.eu\/index.php?rest_route=\/wp\/v2\/types\/page"}],"author":[{"embeddable":true,"href":"http:\/\/eva-fenrich.eu\/index.php?rest_route=\/wp\/v2\/users\/1"}],"replies":[{"embeddable":true,"href":"http:\/\/eva-fenrich.eu\/index.php?rest_route=%2Fwp%2Fv2%2Fcomments&post=22"}],"version-history":[{"count":5,"href":"http:\/\/eva-fenrich.eu\/index.php?rest_route=\/wp\/v2\/pages\/22\/revisions"}],"predecessor-version":[{"id":162,"href":"http:\/\/eva-fenrich.eu\/index.php?rest_route=\/wp\/v2\/pages\/22\/revisions\/162"}],"wp:attachment":[{"href":"http:\/\/eva-fenrich.eu\/index.php?rest_route=%2Fwp%2Fv2%2Fmedia&parent=22"}],"curies":[{"name":"wp","href":"https:\/\/api.w.org\/{rel}","templated":true}]}}