{"id":21,"date":"2020-03-22T16:35:19","date_gmt":"2020-03-22T16:35:19","guid":{"rendered":"http:\/\/eva-fenrich.eu\/?page_id=21"},"modified":"2020-03-22T20:55:39","modified_gmt":"2020-03-22T20:55:39","slug":"konflikte","status":"publish","type":"page","link":"http:\/\/eva-fenrich.eu\/?page_id=21&lang=de","title":{"rendered":"Konflikte"},"content":{"rendered":"\n<h1 class=\"wp-block-heading\">Mediation<\/h1>\n\n\n\n<p>Bei der Mediation unterst\u00fctze ich \nals neutraler Vermittler Konfliktparteien dabei, gemeinsam eine f\u00fcr \nbeide Seiten einvernehmliche L\u00f6sung zu finden.<\/p>\n\n\n\n<p>Hierbei ist meine Aufgabe, das Gespr\u00e4ch \nin konstruktive Bahnen zu lenken, ohne selbst in Entscheidungen \neinzugreifen. Mir ist wichtig, dass alle Beteiligten die M\u00f6glichkeit \nbekommen die Interessen aller zu sehen. Auf dieser Grundlage k\u00f6nnen wir \nzusammen L\u00f6sungen jenseits von \u201egewinnen und verlieren\u201c entwickeln.<\/p>\n\n\n\n<p>Meine Schwerpunkte:<\/p>\n\n\n\n<ul><li>Wirtschaft\/Organisationen<\/li><li>Forschung\/Wissenschaft<\/li><li>Umweltmediation<\/li><li>\u00d6ffentlicher Bereich<\/li><li>Non-Profit-Organisationen\/Vereine<\/li><li>Interkulturell\/englischsprachig<\/li><\/ul>\n\n\n\n<p>F\u00fcr Mediationen in anderen Bereichen \nk\u00f6nnen Sie mich auch gerne ansprechen. Wir k\u00f6nnen dann herausfinden, ob \nich f\u00fcr das jeweilige Thema die richtige Mediatorin bin oder ob ich \nIhnen den passenden Mediator aus meinem Netzwerk vermitteln soll.<\/p>\n\n\n\n<p>Informationen, die ich im Rahmen unserer Zusammenarbeit erhalte, behandle ich vertraulich.<\/p>\n\n\n\n<p>Ergebnisse unserer Termine halte ich in \neinem schriftlichen Protokoll fest. Zum Abschluss der Mediation wird \ndann eine Vereinbarung \u00fcber das Gesamtergebnis getroffen.<\/p>\n\n\n\n<p>Im Bedarfsfall&nbsp;werden f\u00fcr Fragen, die besondere Fachkenntnisse erfordern, weitere Experten hinzugezogen.<\/p>\n\n\n\n<p>Bei Konflikten mit mehr als zwei \nBeteiligten ist es h\u00e4ufig sinnvoll, wenn ich Sie zusammen mit einer \nKollegin\/einem Kollegen in Co-Mediation unterst\u00fctze. So k\u00f6nnen alle \nInteressen gen\u00fcgend Raum bekommen. Dies hilft um erfolgreich zu einer \nf\u00fcr alle guten L\u00f6sung gelangen.<\/p>\n","protected":false},"excerpt":{"rendered":"<p>Mediation Bei der Mediation unterst\u00fctze ich als neutraler Vermittler Konfliktparteien dabei, gemeinsam eine f\u00fcr beide Seiten einvernehmliche L\u00f6sung zu finden. Hierbei ist meine Aufgabe, das Gespr\u00e4ch in konstruktive Bahnen zu lenken, ohne selbst in Entscheidungen einzugreifen. Mir ist wichtig, dass &hellip; <a href=\"http:\/\/eva-fenrich.eu\/?page_id=21&#038;lang=de\">Weiterlesen <span class=\"meta-nav\">&rarr;<\/span><\/a><\/p>\n","protected":false},"author":1,"featured_media":0,"parent":0,"menu_order":0,"comment_status":"closed","ping_status":"closed","template":"","meta":{"advgb_blocks_editor_width":"","advgb_blocks_columns_visual_guide":"","footnotes":""},"_links":{"self":[{"href":"http:\/\/eva-fenrich.eu\/index.php?rest_route=\/wp\/v2\/pages\/21"}],"collection":[{"href":"http:\/\/eva-fenrich.eu\/index.php?rest_route=\/wp\/v2\/pages"}],"about":[{"href":"http:\/\/eva-fenrich.eu\/index.php?rest_route=\/wp\/v2\/types\/page"}],"author":[{"embeddable":true,"href":"http:\/\/eva-fenrich.eu\/index.php?rest_route=\/wp\/v2\/users\/1"}],"replies":[{"embeddable":true,"href":"http:\/\/eva-fenrich.eu\/index.php?rest_route=%2Fwp%2Fv2%2Fcomments&post=21"}],"version-history":[{"count":2,"href":"http:\/\/eva-fenrich.eu\/index.php?rest_route=\/wp\/v2\/pages\/21\/revisions"}],"predecessor-version":[{"id":70,"href":"http:\/\/eva-fenrich.eu\/index.php?rest_route=\/wp\/v2\/pages\/21\/revisions\/70"}],"wp:attachment":[{"href":"http:\/\/eva-fenrich.eu\/index.php?rest_route=%2Fwp%2Fv2%2Fmedia&parent=21"}],"curies":[{"name":"wp","href":"https:\/\/api.w.org\/{rel}","templated":true}]}}