{"id":19,"date":"2020-03-22T16:35:19","date_gmt":"2020-03-22T16:35:19","guid":{"rendered":"http:\/\/eva-fenrich.eu\/?page_id=19"},"modified":"2020-06-28T09:35:05","modified_gmt":"2020-06-28T09:35:05","slug":"bildung-fuer-nachhaltigkeit","status":"publish","type":"page","link":"http:\/\/eva-fenrich.eu\/?page_id=19&lang=de","title":{"rendered":"Bildung f\u00fcr Nachhaltigkeit"},"content":{"rendered":"\n<figure class=\"wp-block-image\"><img decoding=\"async\" src=\"https:\/\/cdn.pixabay.com\/photo\/2020\/06\/04\/15\/56\/light-bulb-5259340_960_720.jpg\" alt=\"Gl\u00fchbirne, Energie, Natur, Umwelt, \u00d6kologie, Licht\"\/><\/figure>\n\n\n\n<p>Nachhaltigkeit muss nicht &#8222;gr\u00fcnes Gutmenschentum&#8220; sein. Echte Nachhaltigkeit sorgt daf\u00fcr, dass es Mensch, Natur und Wirtschaft heute und in Zukunft gut geht. <\/p>\n\n\n\n<p>Daf\u00fcr ist ein Verst\u00e4ndnis von Zusammenh\u00e4ngen und gute Wissenschaft notwendig. Technik- und Naturwissenschaftsverst\u00e4ndnis trifft Wissen zu menschlichem Wohlbefinden. <br>Da mir Nachhaltigkeit am Herzen liegt und die Zukunft in den H\u00e4nden der jetzt aufwachsenden Generation liegt, unterrichte ich unter anderem Kinderkurse in naturwissenschaftlichen und technischen Themen aber auch zu Selbstregulation und Bewegung.  <br>Einige meiner Kurse finden an der Hector-Akademie f\u00fcr hochbegabte Kinder statt. <\/p>\n","protected":false},"excerpt":{"rendered":"<p>Nachhaltigkeit muss nicht &#8222;gr\u00fcnes Gutmenschentum&#8220; sein. Echte Nachhaltigkeit sorgt daf\u00fcr, dass es Mensch, Natur und Wirtschaft heute und in Zukunft gut geht. Daf\u00fcr ist ein Verst\u00e4ndnis von Zusammenh\u00e4ngen und gute Wissenschaft notwendig. Technik- und Naturwissenschaftsverst\u00e4ndnis trifft Wissen zu menschlichem Wohlbefinden. &hellip; <a href=\"http:\/\/eva-fenrich.eu\/?page_id=19&#038;lang=de\">Weiterlesen <span class=\"meta-nav\">&rarr;<\/span><\/a><\/p>\n","protected":false},"author":1,"featured_media":0,"parent":0,"menu_order":0,"comment_status":"closed","ping_status":"closed","template":"","meta":{"advgb_blocks_editor_width":"","advgb_blocks_columns_visual_guide":"","footnotes":""},"_links":{"self":[{"href":"http:\/\/eva-fenrich.eu\/index.php?rest_route=\/wp\/v2\/pages\/19"}],"collection":[{"href":"http:\/\/eva-fenrich.eu\/index.php?rest_route=\/wp\/v2\/pages"}],"about":[{"href":"http:\/\/eva-fenrich.eu\/index.php?rest_route=\/wp\/v2\/types\/page"}],"author":[{"embeddable":true,"href":"http:\/\/eva-fenrich.eu\/index.php?rest_route=\/wp\/v2\/users\/1"}],"replies":[{"embeddable":true,"href":"http:\/\/eva-fenrich.eu\/index.php?rest_route=%2Fwp%2Fv2%2Fcomments&post=19"}],"version-history":[{"count":2,"href":"http:\/\/eva-fenrich.eu\/index.php?rest_route=\/wp\/v2\/pages\/19\/revisions"}],"predecessor-version":[{"id":120,"href":"http:\/\/eva-fenrich.eu\/index.php?rest_route=\/wp\/v2\/pages\/19\/revisions\/120"}],"wp:attachment":[{"href":"http:\/\/eva-fenrich.eu\/index.php?rest_route=%2Fwp%2Fv2%2Fmedia&parent=19"}],"curies":[{"name":"wp","href":"https:\/\/api.w.org\/{rel}","templated":true}]}}