{"id":17,"date":"2020-03-22T16:35:19","date_gmt":"2020-03-22T16:35:19","guid":{"rendered":"http:\/\/eva-fenrich.eu\/?page_id=17"},"modified":"2020-06-28T09:26:02","modified_gmt":"2020-06-28T09:26:02","slug":"stress","status":"publish","type":"page","link":"http:\/\/eva-fenrich.eu\/?page_id=17&lang=de","title":{"rendered":"Stress"},"content":{"rendered":"\n<p>Stress und Trauma geh\u00f6ren zum Mensch sein. Die Stressreaktionen des K\u00f6rpers helfen uns  mit schwierigen oder anstrengenden Situationen gut umzugehen und uns wo n\u00f6tig in Sicherheit zu bringen. Wird jedoch dieser Stress zu heftig oder dauert zu lange an, dann kommt es zu einer \u00dcberforderung und manchmal bleibt der K\u00f6rper in einer Trauma-Reaktion stecken. <\/p>\n\n\n\n<p>Methoden der Selbstregulation helfen aktuellen Stress abzubauen und auch alte Traumata langsam und Schritt f\u00fcr Schritt loszuwerden. Dazu muss die &#8222;Geschichte&#8220;  nicht wieder erlebt werden. Im Somatic Experiencing  (Peter Levine) und weiteren Methoden wie SOMA Embodiment (Sonia Gomes)  und TEB (Stephen Terrell) geht es eher darum altes Reaktionen, die &#8222;steckengeblieben&#8220; sind in kleinen vertr\u00e4glichen Schritten loszulassen und neue Resilienz zu entwickeln.<\/p>\n\n\n\n<p>Diese Methoden wende ich sowohl im Bereich Traumatherapie an als auch bei Bedarf in Resilienz-Coachings. <\/p>\n","protected":false},"excerpt":{"rendered":"<p>Stress und Trauma geh\u00f6ren zum Mensch sein. Die Stressreaktionen des K\u00f6rpers helfen uns mit schwierigen oder anstrengenden Situationen gut umzugehen und uns wo n\u00f6tig in Sicherheit zu bringen. Wird jedoch dieser Stress zu heftig oder dauert zu lange an, dann &hellip; <a href=\"http:\/\/eva-fenrich.eu\/?page_id=17&#038;lang=de\">Weiterlesen <span class=\"meta-nav\">&rarr;<\/span><\/a><\/p>\n","protected":false},"author":1,"featured_media":0,"parent":0,"menu_order":0,"comment_status":"closed","ping_status":"closed","template":"","meta":{"advgb_blocks_editor_width":"","advgb_blocks_columns_visual_guide":"","footnotes":""},"_links":{"self":[{"href":"http:\/\/eva-fenrich.eu\/index.php?rest_route=\/wp\/v2\/pages\/17"}],"collection":[{"href":"http:\/\/eva-fenrich.eu\/index.php?rest_route=\/wp\/v2\/pages"}],"about":[{"href":"http:\/\/eva-fenrich.eu\/index.php?rest_route=\/wp\/v2\/types\/page"}],"author":[{"embeddable":true,"href":"http:\/\/eva-fenrich.eu\/index.php?rest_route=\/wp\/v2\/users\/1"}],"replies":[{"embeddable":true,"href":"http:\/\/eva-fenrich.eu\/index.php?rest_route=%2Fwp%2Fv2%2Fcomments&post=17"}],"version-history":[{"count":2,"href":"http:\/\/eva-fenrich.eu\/index.php?rest_route=\/wp\/v2\/pages\/17\/revisions"}],"predecessor-version":[{"id":118,"href":"http:\/\/eva-fenrich.eu\/index.php?rest_route=\/wp\/v2\/pages\/17\/revisions\/118"}],"wp:attachment":[{"href":"http:\/\/eva-fenrich.eu\/index.php?rest_route=%2Fwp%2Fv2%2Fmedia&parent=17"}],"curies":[{"name":"wp","href":"https:\/\/api.w.org\/{rel}","templated":true}]}}