{"id":16,"date":"2020-03-22T16:35:19","date_gmt":"2020-03-22T16:35:19","guid":{"rendered":"http:\/\/eva-fenrich.eu\/?page_id=16"},"modified":"2023-12-12T22:43:44","modified_gmt":"2023-12-12T22:43:44","slug":"ueber-mich","status":"publish","type":"page","link":"http:\/\/eva-fenrich.eu\/?page_id=16&lang=de","title":{"rendered":"\u00dcber mich"},"content":{"rendered":"\n<figure class=\"wp-block-image\"><a href=\"http:\/\/freiraum-a.de\/wp-admin\/media-upload.php?post_id=2&amp;type=image&amp;TB_iframe=1\"><img decoding=\"async\" src=\"http:\/\/freiraum-a.de\/wp-content\/uploads\/2013\/10\/eva_face-452x180.jpg\" alt=\"eva_face\"\/><\/a><\/figure>\n\n\n\n<p>Bestimmt m\u00f6chten Sie wissen, mit wem Sie es hier zu tun haben.<\/p>\n\n\n\n<p>Mein Name ist Eva Fenrich.<\/p>\n\n\n\n<p>Meine Leidenschaft ist es, M\u00f6glichkeiten  ausserhalb von festgefahrenen Mustern zu entdecken, Ideen zu entwickeln  und Menschen darin zu unterst\u00fctzen konkrete Schritte in Richtung ihrer  Ziele zu gehen ohne dabei den Blick aufs Ganze zu verlieren.<\/p>\n\n\n\n<p>Als Coach, Beraterin und Heilpraktikerin f\u00fcr Psychotherapie sind meine Schwerpunkte Potentialentfaltung, Stressmanagement sowie der Umgang mit Traumata. Ich arbeite mit systemischen und l\u00f6sungsorientierten sowie k\u00f6rperorientierten Methoden. Ein wichtiger Baustein meiner Arbeit ist Somatic Experiencing (SE nach Peter Levine). Im Berufsverband <a href=\"http:\/\/www.somatic-experiencing.de\">Somatic Experiencing Deutschland e.V. <\/a> bin ich im Vorstand und in verschiedenen Arbeitsgruppen t\u00e4tig.<br>Ich bin in SOMA Embodiment (Sonia Gomes) ausgebildet.   F\u00fcr die Arbeit mit Kindern bin ich bei Al\u00e9 Duarte in &#8222;Tune in to Children&#8220; ausgebildet. Bei Al\u00e9 Duarte und Sonia Gomes assistiere ich in verschiedenen Trainings.<\/p>\n\n\n\n<p><\/p>\n\n\n\n<p>Ich bin nach der Interactive Teaching Method ausgebildete Lehrerin der Alexandertechnik und bin Mitglied in den Berufsverb\u00e4nden <a href=\"http:\/\/www.alexandertechnique-itm.org\/\" target=\"_blank\" rel=\"noreferrer noopener\">ITM<\/a>-TA und <a href=\"http:\/\/www.ati-net.com\/\" target=\"_blank\" rel=\"noreferrer noopener\">ATI<\/a>.\n Zur Alexandertechnik fand ich aus Neugier darauf, wie unser Denken \nunsere Bewegung beeinflusst.&nbsp; Schon bald nachdem ich mit dem Unterricht \nbegonnen hatte, konnte ich \u00fcberrascht feststellen welche positiven \nVer\u00e4nderungen beim Musizieren, beim Sport, beim Tanzen, beim Aikido aber\n auch im Alltag auftraten. So war es eine logische Konsequenz, mich zur \nLehrerin ausbilden zu lassen um dieses wertvolle Werkzeug auch an andere\n weitergeben zu k\u00f6nnen.<\/p>\n\n\n\n<p>Langj\u00e4hrige Vorstands- und Gremienarbeit  in Vereinen, Verb\u00e4nden und Organisationen hat mir gezeigt, wie nahe gute Zusammenarbeit und Konflikte liegen k\u00f6nnen, und dass es oftmals nur  eine kleine \u00c4nderung des Blickwinkels aller Beteiligten braucht um  wieder gemeinsam mit Schwung in die Zukunft zu gehen. Als Aikidoka  erlebe ich immer wieder konkret und physisch, einen harmonischen Umgang  mit Konflikten. Auch weg von der Aikidomatte ist ein solcher  gewaltfreier Umgang miteinander f\u00fcr mich sehr wichtig. Um als neutrale  Dritte andere darin zu unterst\u00fctzen, in Konfliktsituationen gemeinsam zu  einem guten Ergebnis zu kommen, habe ich mich entschlossen  Konfliktvermittlung von der Pike auf zu lernen und bin nun ausgebildete  Organisations- und Wirtschaftsmediatorin. Ich bin Mitglied im <a href=\"http:\/\/www.bmev.de\" target=\"_blank\" rel=\"noreferrer noopener\">Bundesverband Mediation e.V.<\/a>.<\/p>\n\n\n\n<p>Als Wissenschaftlerin besch\u00e4ftige ich mich  \u00f6konomisch-\u00f6kologischen Zusammenh\u00e4ngen in teilweise recht komplexen  Systemen. Hier habe ich immer wieder anschaulich feststellen d\u00fcrfen,  wie&nbsp; kleinste \u00c4nderungen an irgendeiner Ecke eines Systems enorme  Auswirkungen an v\u00f6llig anderer Stelle verursachen k\u00f6nen. Auch hier ist  meine liebste Frage \u201eWas w\u00fcrde passieren wenn\u2026?\u201c<\/p>\n","protected":false},"excerpt":{"rendered":"<p>Bestimmt m\u00f6chten Sie wissen, mit wem Sie es hier zu tun haben. Mein Name ist Eva Fenrich. Meine Leidenschaft ist es, M\u00f6glichkeiten ausserhalb von festgefahrenen Mustern zu entdecken, Ideen zu entwickeln und Menschen darin zu unterst\u00fctzen konkrete Schritte in Richtung &hellip; <a href=\"http:\/\/eva-fenrich.eu\/?page_id=16&#038;lang=de\">Weiterlesen <span class=\"meta-nav\">&rarr;<\/span><\/a><\/p>\n","protected":false},"author":1,"featured_media":0,"parent":0,"menu_order":0,"comment_status":"closed","ping_status":"closed","template":"","meta":{"advgb_blocks_editor_width":"","advgb_blocks_columns_visual_guide":"","footnotes":""},"_links":{"self":[{"href":"http:\/\/eva-fenrich.eu\/index.php?rest_route=\/wp\/v2\/pages\/16"}],"collection":[{"href":"http:\/\/eva-fenrich.eu\/index.php?rest_route=\/wp\/v2\/pages"}],"about":[{"href":"http:\/\/eva-fenrich.eu\/index.php?rest_route=\/wp\/v2\/types\/page"}],"author":[{"embeddable":true,"href":"http:\/\/eva-fenrich.eu\/index.php?rest_route=\/wp\/v2\/users\/1"}],"replies":[{"embeddable":true,"href":"http:\/\/eva-fenrich.eu\/index.php?rest_route=%2Fwp%2Fv2%2Fcomments&post=16"}],"version-history":[{"count":5,"href":"http:\/\/eva-fenrich.eu\/index.php?rest_route=\/wp\/v2\/pages\/16\/revisions"}],"predecessor-version":[{"id":167,"href":"http:\/\/eva-fenrich.eu\/index.php?rest_route=\/wp\/v2\/pages\/16\/revisions\/167"}],"wp:attachment":[{"href":"http:\/\/eva-fenrich.eu\/index.php?rest_route=%2Fwp%2Fv2%2Fmedia&parent=16"}],"curies":[{"name":"wp","href":"https:\/\/api.w.org\/{rel}","templated":true}]}}